{"id":319,"date":"2025-11-03T19:11:31","date_gmt":"2025-11-03T19:11:31","guid":{"rendered":"https:\/\/web31251803.lab1.almamater.si\/?page_id=319"},"modified":"2025-12-07T14:11:40","modified_gmt":"2025-12-07T14:11:40","slug":"kako-se-ga-lotiti","status":"publish","type":"page","link":"https:\/\/web31251803.lab1.almamater.si\/?page_id=319","title":{"rendered":"Dogodki"},"content":{"rendered":"\t\t<div data-elementor-type=\"wp-page\" data-elementor-id=\"319\" class=\"elementor elementor-319\">\n\t\t\t\t<div class=\"elementor-element elementor-element-f41f8e2 e-flex e-con-boxed e-con e-parent\" data-id=\"f41f8e2\" data-element_type=\"container\">\n\t\t\t\t\t<div class=\"e-con-inner\">\n\t\t\t\t<div class=\"elementor-element elementor-element-caec673 elementor-widget elementor-widget-heading\" data-id=\"caec673\" data-element_type=\"widget\" data-widget_type=\"heading.default\">\n\t\t\t\t\t<h2 class=\"elementor-heading-title elementor-size-default\">Prihajajo\u010di dogodki:<\/h2>\t\t\t\t<\/div>\n\t\t\t\t<div class=\"elementor-element elementor-element-968c683 elementor-widget elementor-widget-heading\" data-id=\"968c683\" data-element_type=\"widget\" data-widget_type=\"heading.default\">\n\t\t\t\t\t<h2 class=\"elementor-heading-title elementor-size-default\">Na\u0161i pretekli <\/h2>\t\t\t\t<\/div>\n\t\t\t\t\t<\/div>\n\t\t\t\t<\/div>\n\t\t<div class=\"elementor-element elementor-element-c8a7926 e-flex e-con-boxed e-con e-parent\" data-id=\"c8a7926\" data-element_type=\"container\">\n\t\t\t\t\t<div class=\"e-con-inner\">\n\t\t\t\t<div class=\"elementor-element elementor-element-7a063de elementor-widget elementor-widget-eael-event-calendar\" data-id=\"7a063de\" data-element_type=\"widget\" data-widget_type=\"eael-event-calendar.default\">\n\t\t\t\t\t<div class=\"eael-event-calendar-wrapper layout-calendar\"><div id=\"eael-event-calendar-7a063de\" class=\"eael-event-calendar-cls\"\n            data-cal_id = \"7a063de\"\n            data-locale = \"en\"\n            data-translate = \"{&quot;today&quot;:&quot;Today&quot;,&quot;tomorrow&quot;:&quot;Tomorrow&quot;}\"\n            data-defaultview = \"dayGridMonth\"\n            data-defaultdate = \"2026-05-17\"\n            data-time_format = \"\"\n            data-event_limit = \"3\"\n            data-popup_date_format = \"MMM Do\"\n            data-multidays_event_day_count= \"0\"\n            data-monthColumnHeaderFormat = \"\"\n            data-weekColumnHeaderFormat = \"\"\n            data-hideDetailsLink= \"\"\n            data-detailsButtonText = \"Event Details\"\n            data-location-display = \"\"\n            data-events=\"[{&quot;id&quot;:0,&quot;title&quot;:&quot;Zimsko predavanje: Mikologija in priprava na pomlad&quot;,&quot;description&quot;:&quot;&lt;p&gt;Predavanje o vrstah gob, ki jih bomo sre\\u010dali spomladi, varnem nabiranju in ohranjanju narave.&lt;\\\/p&gt;&quot;,&quot;start&quot;:&quot;2025-12-07 12:00&quot;,&quot;end&quot;:&quot;2025-12-07 12:00:01&quot;,&quot;borderColor&quot;:&quot;#E8E6ED&quot;,&quot;textColor&quot;:&quot;#ffffff&quot;,&quot;color&quot;:&quot;#B4A788&quot;,&quot;url&quot;:&quot;&quot;,&quot;allDay&quot;:&quot;&quot;,&quot;external&quot;:&quot;&quot;,&quot;nofollow&quot;:&quot;&quot;,&quot;is_redirect&quot;:&quot;&quot;,&quot;custom_attributes&quot;:[],&quot;event_link&quot;:{&quot;url&quot;:&quot;&quot;,&quot;is_external&quot;:&quot;&quot;,&quot;nofollow&quot;:&quot;&quot;,&quot;custom_attributes&quot;:&quot;&quot;}},{&quot;id&quot;:1,&quot;title&quot;:&quot;Delavnica:Su\\u0161enje in shranjevanje gob&quot;,&quot;description&quot;:&quot;&lt;p&gt;Prakti\\u010dna delavnica, kjer se \\u010dlani nau\\u010dijo, kako pripraviti gobe za dalj\\u0161o uporabo.&lt;\\\/p&gt;&quot;,&quot;start&quot;:&quot;2025-12-12 16:00&quot;,&quot;end&quot;:&quot;2025-12-12 12:00:01&quot;,&quot;borderColor&quot;:&quot;#E8E6ED&quot;,&quot;textColor&quot;:&quot;#ffffff&quot;,&quot;color&quot;:&quot;#9D8A81&quot;,&quot;url&quot;:&quot;&quot;,&quot;allDay&quot;:&quot;&quot;,&quot;external&quot;:&quot;&quot;,&quot;nofollow&quot;:&quot;&quot;,&quot;is_redirect&quot;:&quot;&quot;,&quot;custom_attributes&quot;:[],&quot;event_link&quot;:{&quot;url&quot;:&quot;&quot;,&quot;is_external&quot;:&quot;&quot;,&quot;nofollow&quot;:&quot;&quot;,&quot;custom_attributes&quot;:&quot;&quot;}},{&quot;id&quot;:2,&quot;title&quot;:&quot;Zimska fotogalerija \\u2013 pregled lanske sezone&quot;,&quot;description&quot;:&quot;&lt;p&gt;Ogled in diskusija fotografij z dogodkov pretekle sezone; mo\\u017enost izbora za razstave.&lt;\\\/p&gt;&quot;,&quot;start&quot;:&quot;2025-12-24 17:00&quot;,&quot;end&quot;:&quot;2025-12-24 20:00:01&quot;,&quot;borderColor&quot;:&quot;#E8E6ED&quot;,&quot;textColor&quot;:&quot;#ffffff&quot;,&quot;color&quot;:&quot;#AB8D7B&quot;,&quot;url&quot;:&quot;&quot;,&quot;allDay&quot;:&quot;&quot;,&quot;external&quot;:&quot;&quot;,&quot;nofollow&quot;:&quot;&quot;,&quot;is_redirect&quot;:&quot;&quot;,&quot;custom_attributes&quot;:[],&quot;event_link&quot;:{&quot;url&quot;:&quot;&quot;,&quot;is_external&quot;:&quot;&quot;,&quot;nofollow&quot;:&quot;&quot;,&quot;custom_attributes&quot;:&quot;&quot;}}]\"\n            data-thumbnail_position = \"\"\n            data-first_day=\"0\"><\/div><div id=\"eaelecModal\" class=\"eaelec-modal eael-zoom-in\">\n            <div class=\"eaelec-modal-content\">\n                <div class=\"eaelec-modal-header\">\n                    <div class=\"eaelec-modal-close\"><span><i class=\"fas fa-times\"><\/i><\/span><\/div>\n                    <h2 class=\"eael-ec-modal-title\"><\/h2>\n                    <span class=\"eaelec-event-date-start eaelec-event-popup-date\"><\/span>\n                    <span class=\"eaelec-event-date-end eaelec-event-popup-date\"><\/span>\n                    <span class=\"eaelec-event-location eaelec-event-popup-location\" style=\"display: none;\"><\/span>\n                <\/div>\n                <div class=\"eaelec-modal-body\">\n                    <p><\/p>\n                <\/div>\n                <div class=\"eaelec-modal-footer\">\n                    <a class=\"eaelec-event-details-link\">Event Details<\/a>\n                <\/div>\n            <\/div>\n        <\/div><\/div>\t\t\t\t<\/div>\n\t\t\t\t\t<\/div>\n\t\t\t\t<\/div>\n\t\t<div class=\"elementor-element elementor-element-5c84128 e-flex e-con-boxed e-con e-parent\" data-id=\"5c84128\" data-element_type=\"container\">\n\t\t\t\t\t<div class=\"e-con-inner\">\n\t\t\t\t<div class=\"elementor-element elementor-element-ca4fe08 elementor-widget elementor-widget-heading\" data-id=\"ca4fe08\" data-element_type=\"widget\" data-widget_type=\"heading.default\">\n\t\t\t\t\t<h2 class=\"elementor-heading-title elementor-size-default\">Pretekli dogodki:<\/h2>\t\t\t\t<\/div>\n\t\t\t\t\t<\/div>\n\t\t\t\t<\/div>\n\t\t<div class=\"elementor-element elementor-element-4386e77 e-flex e-con-boxed e-con e-parent\" data-id=\"4386e77\" data-element_type=\"container\">\n\t\t\t\t\t<div class=\"e-con-inner\">\n\t\t\t\t<div class=\"elementor-element elementor-element-bd3dec6 pp-info-box-above-title elementor-widget elementor-widget-pp-info-box-carousel\" data-id=\"bd3dec6\" data-element_type=\"widget\" data-widget_type=\"pp-info-box-carousel.default\">\n\t\t\t\t\t\t\t<div class=\"pp-info-box-container pp-info-box-carousel pp-swiper-slider swiper swiper-container-wrap-dots-outside\" data-slider-settings=\"{&quot;effect&quot;:&quot;slide&quot;,&quot;speed&quot;:500,&quot;slides_per_view&quot;:3,&quot;space_between&quot;:10,&quot;auto_height&quot;:true,&quot;loop&quot;:&quot;yes&quot;,&quot;autoplay&quot;:&quot;yes&quot;,&quot;autoplay_speed&quot;:3000,&quot;pause_on_interaction&quot;:&quot;&quot;,&quot;pagination&quot;:&quot;bullets&quot;,&quot;show_arrows&quot;:true,&quot;slides_per_view_mobile&quot;:1,&quot;space_between_mobile&quot;:10,&quot;slides_per_view_tablet&quot;:2,&quot;space_between_tablet&quot;:10}\">\n\t\t\t\t\t\t\t<div class=\"swiper-wrapper\">\n\t\t\t\n\t\t\t\t\t\t\t<div class=\"pp-info-box swiper-slide\">\n\t\t\t\t\t\n\t\t\t\t\t\t\t\t<div class=\"pp-info-box-icon-wrap\">\n\t\t\t\t\t\t\t\t<span class=\"pp-info-box-icon pp-icon\">\n\t\t\t\t\t\t\t\t\t\t\t<svg aria-hidden=\"true\" class=\"e-font-icon-svg e-fas-check\" viewBox=\"0 0 512 512\" xmlns=\"http:\/\/www.w3.org\/2000\/svg\"><path d=\"M173.898 439.404l-166.4-166.4c-9.997-9.997-9.997-26.206 0-36.204l36.203-36.204c9.997-9.998 26.207-9.998 36.204 0L192 312.69 432.095 72.596c9.997-9.997 26.207-9.997 36.204 0l36.203 36.204c9.997 9.997 9.997 26.206 0 36.204l-294.4 294.401c-9.998 9.997-26.207 9.997-36.204-.001z\"><\/path><\/svg>\t\t\t\t\t\t\t\t\t<\/span>\n\n\t\t\t\t\t\t\t<\/div>\n\t\t\t\n\t\t\t\t\t\n\t\t\t\t\t<div class=\"pp-info-box-content\">\n\t\t\t\t\t\t\t\t<div class=\"pp-info-box-title-wrap\">\n\t\t\t\t\t\t\t<div class=\"pp-info-box-title-container\">\n\t\t\t\t\t<h4 class=\"pp-info-box-title\">\n\t\t\t\t\t\t17. letna razstava gob v hotelu Sabotin\t\t\t\t\t<\/h4>\n\t\t\t\t<\/div>\n\t\t\t\t\t\t\t\t<h5 class=\"pp-info-box-subtitle\">\n\t\t\t\t\tSubtitle\t\t\t\t<\/h5>\n\t\t\t\t\t\t<\/div>\n\t\t\n\t\t\t\t\t\t\n\t\t\t\t\t\t\t\t\t\t\t\t\t<div class=\"pp-info-box-description\">\n\t\t\t\t\t\t\t\t<p><br data-start=\"111\" data-end=\"114\" \/>V oktobru smo uspe\u0161no izvedli 17. letno razstavo gob, ki jo vsako leto spremlja tudi \u201cMesec gobjih jedi\u201d. Dogodek je privabil \u0161tevilne obiskovalce in ljubitelje gob.<\/p>\t\t\t\t\t\t\t<\/div>\n\t\t\t\t\t\t\n\t\t\t\t\t\t\t\t\t\t\t<\/div>\n\n\t\t\t\t\t\t\t\t\t<\/div>\n\t\t\t\t\t\t\t<div class=\"pp-info-box swiper-slide\">\n\t\t\t\t\t\n\t\t\t\t\t\t\t\t<div class=\"pp-info-box-icon-wrap\">\n\t\t\t\t\t\t\t\t<span class=\"pp-info-box-icon pp-icon\">\n\t\t\t\t\t\t\t\t\t\t\t<svg aria-hidden=\"true\" class=\"e-font-icon-svg e-fas-check\" viewBox=\"0 0 512 512\" xmlns=\"http:\/\/www.w3.org\/2000\/svg\"><path d=\"M173.898 439.404l-166.4-166.4c-9.997-9.997-9.997-26.206 0-36.204l36.203-36.204c9.997-9.998 26.207-9.998 36.204 0L192 312.69 432.095 72.596c9.997-9.997 26.207-9.997 36.204 0l36.203 36.204c9.997 9.997 9.997 26.206 0 36.204l-294.4 294.401c-9.998 9.997-26.207 9.997-36.204-.001z\"><\/path><\/svg>\t\t\t\t\t\t\t\t\t<\/span>\n\n\t\t\t\t\t\t\t<\/div>\n\t\t\t\n\t\t\t\t\t\n\t\t\t\t\t<div class=\"pp-info-box-content\">\n\t\t\t\t\t\t\t\t<div class=\"pp-info-box-title-wrap\">\n\t\t\t\t\t\t\t<div class=\"pp-info-box-title-container\">\n\t\t\t\t\t<h4 class=\"pp-info-box-title\">\n\t\t\t\t\t\tDru\u017einsko gobarsko popoldne v Panovcu\t\t\t\t\t<\/h4>\n\t\t\t\t<\/div>\n\t\t\t\t\t\t\t\t<h5 class=\"pp-info-box-subtitle\">\n\t\t\t\t\tSubtitle\t\t\t\t<\/h5>\n\t\t\t\t\t\t<\/div>\n\t\t\n\t\t\t\t\t\t\n\t\t\t\t\t\t\t\t\t\t\t\t\t<div class=\"pp-info-box-description\">\n\t\t\t\t\t\t\t\t<p>Septembra smo organizirali dru\u017einsko sre\u010danje, kjer so \u010dlani in obiskovalci spoznavali lokalne vrste gob ter preizku\u0161ali gobjo kulinariko.<\/p>\t\t\t\t\t\t\t<\/div>\n\t\t\t\t\t\t\n\t\t\t\t\t\t\t\t\t\t\t<\/div>\n\n\t\t\t\t\t\t\t\t\t<\/div>\n\t\t\t\t\t\t\t<div class=\"pp-info-box swiper-slide\">\n\t\t\t\t\t\n\t\t\t\t\t\t\t\t<div class=\"pp-info-box-icon-wrap\">\n\t\t\t\t\t\t\t\t<span class=\"pp-info-box-icon pp-icon\">\n\t\t\t\t\t\t\t\t\t\t\t<svg aria-hidden=\"true\" class=\"e-font-icon-svg e-fas-check\" viewBox=\"0 0 512 512\" xmlns=\"http:\/\/www.w3.org\/2000\/svg\"><path d=\"M173.898 439.404l-166.4-166.4c-9.997-9.997-9.997-26.206 0-36.204l36.203-36.204c9.997-9.998 26.207-9.998 36.204 0L192 312.69 432.095 72.596c9.997-9.997 26.207-9.997 36.204 0l36.203 36.204c9.997 9.997 9.997 26.206 0 36.204l-294.4 294.401c-9.998 9.997-26.207 9.997-36.204-.001z\"><\/path><\/svg>\t\t\t\t\t\t\t\t\t<\/span>\n\n\t\t\t\t\t\t\t<\/div>\n\t\t\t\n\t\t\t\t\t\n\t\t\t\t\t<div class=\"pp-info-box-content\">\n\t\t\t\t\t\t\t\t<div class=\"pp-info-box-title-wrap\">\n\t\t\t\t\t\t\t<div class=\"pp-info-box-title-container\">\n\t\t\t\t\t<h4 class=\"pp-info-box-title\">\n\t\t\t\t\t\tRazstava v Mercator centru v Kromberku\t\t\t\t\t<\/h4>\n\t\t\t\t<\/div>\n\t\t\t\t\t\t\t\t<h5 class=\"pp-info-box-subtitle\">\n\t\t\t\t\tSubtitle\t\t\t\t<\/h5>\n\t\t\t\t\t\t<\/div>\n\t\t\n\t\t\t\t\t\t\n\t\t\t\t\t\t\t\t\t\t\t\t\t<div class=\"pp-info-box-description\">\n\t\t\t\t\t\t\t\t<p>Preteklo leto smo pripravili odmevno razstavo v Mercator centru, namenjeno \u0161ir\u0161i javnosti, zlasti \u0161olski mladini, kjer smo predstavili lokalne gobarske vrste in aktivnosti dru\u0161tva.<\/p>\t\t\t\t\t\t\t<\/div>\n\t\t\t\t\t\t\n\t\t\t\t\t\t\t\t\t\t\t<\/div>\n\n\t\t\t\t\t\t\t\t\t<\/div>\n\t\t\t\n\t\t\t\t\t\t\t<\/div>\n\t\t\t\t\t\t\t<div class=\"swiper-pagination swiper-pagination-bd3dec6\"><\/div>\n\t\t\t\t\t\t<div class=\"pp-slider-arrow elementor-swiper-button-prev swiper-button-prev-bd3dec6\">\n\t\t\t\t\t<svg aria-hidden=\"true\" class=\"e-font-icon-svg e-fas-angle-left\" viewBox=\"0 0 256 512\" xmlns=\"http:\/\/www.w3.org\/2000\/svg\"><path d=\"M31.7 239l136-136c9.4-9.4 24.6-9.4 33.9 0l22.6 22.6c9.4 9.4 9.4 24.6 0 33.9L127.9 256l96.4 96.4c9.4 9.4 9.4 24.6 0 33.9L201.7 409c-9.4 9.4-24.6 9.4-33.9 0l-136-136c-9.5-9.4-9.5-24.6-.1-34z\"><\/path><\/svg>\t\t\t\t<\/div>\n\t\t\t\t<div class=\"pp-slider-arrow elementor-swiper-button-next swiper-button-next-bd3dec6\">\n\t\t\t\t\t<svg aria-hidden=\"true\" class=\"e-font-icon-svg e-fas-angle-right\" viewBox=\"0 0 256 512\" xmlns=\"http:\/\/www.w3.org\/2000\/svg\"><path d=\"M224.3 273l-136 136c-9.4 9.4-24.6 9.4-33.9 0l-22.6-22.6c-9.4-9.4-9.4-24.6 0-33.9l96.4-96.4-96.4-96.4c-9.4-9.4-9.4-24.6 0-33.9L54.3 103c9.4-9.4 24.6-9.4 33.9 0l136 136c9.5 9.4 9.5 24.6.1 34z\"><\/path><\/svg>\t\t\t\t<\/div>\n\t\t\t\t\t<\/div>\n\t\t\t\t\t\t<\/div>\n\t\t\t\t\t<\/div>\n\t\t\t\t<\/div>\n\t\t<div class=\"elementor-element elementor-element-14b47dd e-flex e-con-boxed e-con e-parent\" data-id=\"14b47dd\" data-element_type=\"container\">\n\t\t\t\t\t<div class=\"e-con-inner\">\n\t\t\t\t<div class=\"elementor-element elementor-element-910ec2f elementor-align-center elementor-widget elementor-widget-button\" data-id=\"910ec2f\" data-element_type=\"widget\" data-widget_type=\"button.default\">\n\t\t\t\t\t\t\t\t\t\t<a class=\"elementor-button elementor-button-link elementor-size-sm\" href=\"#\">\n\t\t\t\t\t\t<span class=\"elementor-button-content-wrapper\">\n\t\t\t\t\t\t\t\t\t<span class=\"elementor-button-text\">Preberi ve\u010d<\/span>\n\t\t\t\t\t<\/span>\n\t\t\t\t\t<\/a>\n\t\t\t\t\t\t\t\t<\/div>\n\t\t\t\t\t<\/div>\n\t\t\t\t<\/div>\n\t\t<div class=\"elementor-element elementor-element-97c4f6d e-flex e-con-boxed e-con e-parent\" data-id=\"97c4f6d\" data-element_type=\"container\">\n\t\t\t\t\t<div class=\"e-con-inner\">\n\t\t\t\t<div class=\"elementor-element elementor-element-24db49e elementor-widget elementor-widget-heading\" data-id=\"24db49e\" data-element_type=\"widget\" data-widget_type=\"heading.default\">\n\t\t\t\t\t<h2 class=\"elementor-heading-title elementor-size-default\">\u010ce si \u017eelite ogledati \u0161e ve\u010d preteklih dogodkov, kliknite na zgornji gumb<\/h2>\t\t\t\t<\/div>\n\t\t\t\t\t<\/div>\n\t\t\t\t<\/div>\n\t\t\t\t<\/div>\n\t\t","protected":false},"excerpt":{"rendered":"<p>Prihajajo\u010di dogodki: Na\u0161i pretekli Event Details Pretekli dogodki: 17. letna razstava gob v hotelu Sabotin Subtitle V oktobru smo uspe\u0161no [&hellip;]<\/p>\n","protected":false},"author":1,"featured_media":0,"parent":0,"menu_order":0,"comment_status":"closed","ping_status":"closed","template":"","meta":{"site-sidebar-layout":"no-sidebar","site-content-layout":"","ast-site-content-layout":"full-width-container","site-content-style":"default","site-sidebar-style":"default","ast-global-header-display":"","ast-banner-title-visibility":"","ast-main-header-display":"","ast-hfb-above-header-display":"","ast-hfb-below-header-display":"","ast-hfb-mobile-header-display":"","site-post-title":"","ast-breadcrumbs-content":"","ast-featured-img":"disabled","footer-sml-layout":"","theme-transparent-header-meta":"","adv-header-id-meta":"","stick-header-meta":"","header-above-stick-meta":"","header-main-stick-meta":"","header-below-stick-meta":"","astra-migrate-meta-layouts":"default","ast-page-background-enabled":"default","ast-page-background-meta":{"desktop":{"background-color":"var(--ast-global-color-5)","background-image":"","background-repeat":"repeat","background-position":"center center","background-size":"auto","background-attachment":"scroll","background-type":"","background-media":"","overlay-type":"","overlay-color":"","overlay-opacity":"","overlay-gradient":""},"tablet":{"background-color":"","background-image":"","background-repeat":"repeat","background-position":"center center","background-size":"auto","background-attachment":"scroll","background-type":"","background-media":"","overlay-type":"","overlay-color":"","overlay-opacity":"","overlay-gradient":""},"mobile":{"background-color":"","background-image":"","background-repeat":"repeat","background-position":"center center","background-size":"auto","background-attachment":"scroll","background-type":"","background-media":"","overlay-type":"","overlay-color":"","overlay-opacity":"","overlay-gradient":""}},"ast-content-background-meta":{"desktop":{"background-color":"var(--ast-global-color-4)","background-image":"","background-repeat":"repeat","background-position":"center center","background-size":"auto","background-attachment":"scroll","background-type":"","background-media":"","overlay-type":"","overlay-color":"","overlay-opacity":"","overlay-gradient":""},"tablet":{"background-color":"var(--ast-global-color-4)","background-image":"","background-repeat":"repeat","background-position":"center center","background-size":"auto","background-attachment":"scroll","background-type":"","background-media":"","overlay-type":"","overlay-color":"","overlay-opacity":"","overlay-gradient":""},"mobile":{"background-color":"var(--ast-global-color-4)","background-image":"","background-repeat":"repeat","background-position":"center center","background-size":"auto","background-attachment":"scroll","background-type":"","background-media":"","overlay-type":"","overlay-color":"","overlay-opacity":"","overlay-gradient":""}},"footnotes":""},"class_list":["post-319","page","type-page","status-publish","hentry"],"_links":{"self":[{"href":"https:\/\/web31251803.lab1.almamater.si\/index.php?rest_route=\/wp\/v2\/pages\/319","targetHints":{"allow":["GET"]}}],"collection":[{"href":"https:\/\/web31251803.lab1.almamater.si\/index.php?rest_route=\/wp\/v2\/pages"}],"about":[{"href":"https:\/\/web31251803.lab1.almamater.si\/index.php?rest_route=\/wp\/v2\/types\/page"}],"author":[{"embeddable":true,"href":"https:\/\/web31251803.lab1.almamater.si\/index.php?rest_route=\/wp\/v2\/users\/1"}],"replies":[{"embeddable":true,"href":"https:\/\/web31251803.lab1.almamater.si\/index.php?rest_route=%2Fwp%2Fv2%2Fcomments&post=319"}],"version-history":[{"count":23,"href":"https:\/\/web31251803.lab1.almamater.si\/index.php?rest_route=\/wp\/v2\/pages\/319\/revisions"}],"predecessor-version":[{"id":468,"href":"https:\/\/web31251803.lab1.almamater.si\/index.php?rest_route=\/wp\/v2\/pages\/319\/revisions\/468"}],"wp:attachment":[{"href":"https:\/\/web31251803.lab1.almamater.si\/index.php?rest_route=%2Fwp%2Fv2%2Fmedia&parent=319"}],"curies":[{"name":"wp","href":"https:\/\/api.w.org\/{rel}","templated":true}]}}